{"id":432,"date":"2023-12-20T12:39:32","date_gmt":"2023-12-20T12:39:32","guid":{"rendered":"https:\/\/daconnect.be\/accueil\/"},"modified":"2025-11-24T13:59:26","modified_gmt":"2025-11-24T13:59:26","slug":"accueil","status":"publish","type":"page","link":"https:\/\/daconnect.lademo.be\/de\/","title":{"rendered":"Homepage"},"content":{"rendered":"","protected":false},"excerpt":{"rendered":"","protected":false},"author":1,"featured_media":223,"parent":0,"menu_order":0,"comment_status":"closed","ping_status":"closed","template":"","meta":{"_acf_changed":false,"inline_featured_image":false,"footnotes":""},"class_list":["post-432","page","type-page","status-publish","has-post-thumbnail","hentry"],"acf":{"header":{"":null,"image":52,"title":"Welcome to the Family!","text":"DaConnect ist das schnelle und benutzerfreundliche Kundenextranet von Daoust, auf das Sie nicht mehr verzichten k\u00f6nnen!","search":false,"settings":{"visible":true,"anchor_name":""}},"sections":[{"acf_fc_layout":"read-more","left_right":false,"framed":true,"title":"Sparen Sie Zeit mit DaConnect von Daoust!","wysiwyg":"Daoust ist ein\u00a0<strong>belgisches HR-Unternehmen<\/strong>, das seit 70 Jahren in 3. Generation familiengef\u00fchrt ist. Als unverzichtbarer Partner f\u00fcr Besch\u00e4ftigung in Belgien erleichtert Ihnen Daoust das Leben mit DaConnect!\r\n\r\n[[READMORE]]\r\n\r\nDaConnect erm\u00f6glicht es Ihnen, Anfragen f\u00fcr Zeitarbeiter zu stellen, ihre Vertr\u00e4ge zu erneuern, ihre Leistungen zu genehmigen, Ihre Gehaltsabrechnungen zu verwalten, usw. \u2026 alles mit nur wenigen Klicks! Es ist einfach und umweltfreundlich!\r\n\r\nEntdecken Sie die\u00a0<a href=\"https:\/\/daconnect.be\/app\/uploads\/2024\/01\/daconnect-leaflet-a4-2024-def.pdf\">Informationsbrosch\u00fcre!<\/a>","button_more":"Mehr lesen","button_less":"Weniger lesen","image_wysiwyg":false,"image":null,"video":"https:\/\/www.youtube.com\/watch?v=v1YOR2wPAiM","settings":{"visible":true,"anchor_name":"","heading_tag":"h2","spacing_top":"medium","spacing_bottom":"medium"}},{"acf_fc_layout":"features","items":[{"icon_type":"light","icon":"list-check","title":"Leistungsmanagement ","text":"&nbsp;\r\n\r\nGenehmigen oder \u00e4ndern Sie geleistete Stunden; f\u00fcgen Sie Boni hinzu: bewerten Sie Auftr\u00e4ge"},{"icon_type":"light","icon":"note","title":"Auftragsmanagement","text":"&nbsp;\r\n\r\nBeantragen Sie einen neuen Zeitarbeiter; erfassen Sie einen Zeitarbeiter in der Lohnabrechnung; verl\u00e4ngern oder \u00e4ndern Sie einen"},{"icon_type":"light","icon":"folder","title":"Vertrag Dokumentenmanagement","text":"&nbsp;\r\n\r\nSehen Sie sich Ihre Dokumente an; fordern Sie zus\u00e4tzliche Dokumente an; erstellen Sie Ihren monatlichen Bericht"}],"settings":{"visible":true,"anchor_name":"","spacing_top":"medium","spacing_bottom":"medium"}}],"cta":{"":null,"background_image":61,"title":"","items":[{"has_icon":false,"title":"Fragen Sie nach Ihren Zugangsdaten","text":"Und verwalten Sie die Leistungen Ihrer Zeitarbeiter in wenigen Klicks!","icon_group":{"icon_type":"solid","icon":"0"},"image":342,"button":{"title":"Formular ausf\u00fcllen","url":"https:\/\/daconnect.lademo.be\/de\/fordern-zugangsdaten\/","target":"_blank","0":""}},{"has_icon":false,"title":"Sind Sie noch kein Daoust-Kunde?","text":"Warten Sie nicht l\u00e4nger und kontaktieren Sie eines unserer JobCenter, um alle unsere HR-L\u00f6sungen kennenzulernen.","icon_group":{"icon_type":"solid","icon":"0"},"image":346,"button":{"title":"Kontaktieren Sie uns","url":"https:\/\/daoust.lademo.be\/de\/contact\/","target":"_blank","0":""}}],"settings":{"visible":true,"anchor_name":"","heading_tag":"h2"}},"settings":{"has_offset":false}},"yoast_head":"<!-- This site is optimized with the Yoast SEO plugin v26.7 - https:\/\/yoast.com\/wordpress\/plugins\/seo\/ -->\n<title>Homepage - DaConnect<\/title>\n<meta name=\"description\" content=\"DaConnect, das schnelle und ergonomische Kunden-Extranet von Daoust, erm\u00f6glicht es Ihnen, die Leistungen Ihrer Zeitarbeitnehmer aus der Ferne zu verwalten, einen Antrag zu stellen und verschiedene Dokumente einzusehen.\" \/>\n<meta name=\"robots\" content=\"noindex, follow, max-snippet:-1, max-image-preview:large, max-video-preview:-1\" \/>\n<meta property=\"og:locale\" content=\"de_DE\" \/>\n<meta property=\"og:type\" content=\"article\" \/>\n<meta property=\"og:title\" content=\"Homepage - DaConnect\" \/>\n<meta property=\"og:description\" content=\"DaConnect, das schnelle und ergonomische Kunden-Extranet von Daoust, erm\u00f6glicht es Ihnen, die Leistungen Ihrer Zeitarbeitnehmer aus der Ferne zu verwalten, einen Antrag zu stellen und verschiedene Dokumente einzusehen.\" \/>\n<meta property=\"og:url\" content=\"https:\/\/daconnect.lademo.be\/de\/\" \/>\n<meta property=\"og:site_name\" content=\"DaConnect\" \/>\n<meta property=\"article:modified_time\" content=\"2025-11-24T13:59:26+00:00\" \/>\n<meta property=\"og:image\" content=\"https:\/\/daconnect.lademo.be\/app\/uploads\/2024\/01\/interne-post-1080x1350px-819x1024.png\" \/>\n\t<meta property=\"og:image:width\" content=\"819\" \/>\n\t<meta property=\"og:image:height\" content=\"1024\" \/>\n\t<meta property=\"og:image:type\" content=\"image\/png\" \/>\n<meta name=\"twitter:card\" content=\"summary_large_image\" \/>\n<meta name=\"twitter:label1\" content=\"Est. reading time\" \/>\n\t<meta name=\"twitter:data1\" content=\"2 minutes\" \/>\n<script type=\"application\/ld+json\" class=\"yoast-schema-graph\">{\"@context\":\"https:\/\/schema.org\",\"@graph\":[{\"@type\":\"WebPage\",\"@id\":\"https:\/\/daconnect.lademo.be\/de\/\",\"url\":\"https:\/\/daconnect.lademo.be\/de\/\",\"name\":\"Homepage - DaConnect\",\"isPartOf\":{\"@id\":\"https:\/\/daconnect.lademo.be\/de\/#website\"},\"primaryImageOfPage\":{\"@id\":\"https:\/\/daconnect.lademo.be\/de\/#primaryimage\"},\"image\":{\"@id\":\"https:\/\/daconnect.lademo.be\/de\/#primaryimage\"},\"thumbnailUrl\":\"https:\/\/daconnect.lademo.be\/app\/uploads\/2024\/01\/interne-post-1080x1350px-e1704806090694.png\",\"datePublished\":\"2023-12-20T12:39:32+00:00\",\"dateModified\":\"2025-11-24T13:59:26+00:00\",\"description\":\"DaConnect, das schnelle und ergonomische Kunden-Extranet von Daoust, erm\u00f6glicht es Ihnen, die Leistungen Ihrer Zeitarbeitnehmer aus der Ferne zu verwalten, einen Antrag zu stellen und verschiedene Dokumente einzusehen.\",\"breadcrumb\":{\"@id\":\"https:\/\/daconnect.lademo.be\/de\/#breadcrumb\"},\"inLanguage\":\"de-DE\",\"potentialAction\":[{\"@type\":\"ReadAction\",\"target\":[\"https:\/\/daconnect.lademo.be\/de\/\"]}]},{\"@type\":\"ImageObject\",\"inLanguage\":\"de-DE\",\"@id\":\"https:\/\/daconnect.lademo.be\/de\/#primaryimage\",\"url\":\"https:\/\/daconnect.lademo.be\/app\/uploads\/2024\/01\/interne-post-1080x1350px-e1704806090694.png\",\"contentUrl\":\"https:\/\/daconnect.lademo.be\/app\/uploads\/2024\/01\/interne-post-1080x1350px-e1704806090694.png\",\"width\":1080,\"height\":1350},{\"@type\":\"BreadcrumbList\",\"@id\":\"https:\/\/daconnect.lademo.be\/de\/#breadcrumb\",\"itemListElement\":[{\"@type\":\"ListItem\",\"position\":1,\"name\":\"Home\",\"item\":\"https:\/\/daconnect.lademo.be\/de\/\"},{\"@type\":\"ListItem\",\"position\":2,\"name\":\"Homepage\"}]},{\"@type\":\"WebSite\",\"@id\":\"https:\/\/daconnect.lademo.be\/de\/#website\",\"url\":\"https:\/\/daconnect.lademo.be\/de\/\",\"name\":\"DaConnect\",\"description\":\"\",\"publisher\":{\"@id\":\"https:\/\/daconnect.lademo.be\/de\/#organization\"},\"potentialAction\":[{\"@type\":\"SearchAction\",\"target\":{\"@type\":\"EntryPoint\",\"urlTemplate\":\"https:\/\/daconnect.lademo.be\/de\/?s={search_term_string}\"},\"query-input\":{\"@type\":\"PropertyValueSpecification\",\"valueRequired\":true,\"valueName\":\"search_term_string\"}}],\"inLanguage\":\"de-DE\"},{\"@type\":\"Organization\",\"@id\":\"https:\/\/daconnect.lademo.be\/de\/#organization\",\"name\":\"DaConnect\",\"url\":\"https:\/\/daconnect.lademo.be\/de\/\",\"logo\":{\"@type\":\"ImageObject\",\"inLanguage\":\"de-DE\",\"@id\":\"https:\/\/daconnect.lademo.be\/de\/#\/schema\/logo\/image\/\",\"url\":\"http:\/\/daconnect.be\/app\/uploads\/2024\/01\/daconnect-rvb-e1704460601732.png\",\"contentUrl\":\"http:\/\/daconnect.be\/app\/uploads\/2024\/01\/daconnect-rvb-e1704460601732.png\",\"width\":700,\"height\":98,\"caption\":\"DaConnect\"},\"image\":{\"@id\":\"https:\/\/daconnect.lademo.be\/de\/#\/schema\/logo\/image\/\"}}]}<\/script>\n<!-- \/ Yoast SEO plugin. -->","yoast_head_json":{"title":"Homepage - DaConnect","description":"DaConnect, das schnelle und ergonomische Kunden-Extranet von Daoust, erm\u00f6glicht es Ihnen, die Leistungen Ihrer Zeitarbeitnehmer aus der Ferne zu verwalten, einen Antrag zu stellen und verschiedene Dokumente einzusehen.","robots":{"index":"noindex","follow":"follow","max-snippet":"max-snippet:-1","max-image-preview":"max-image-preview:large","max-video-preview":"max-video-preview:-1"},"og_locale":"de_DE","og_type":"article","og_title":"Homepage - DaConnect","og_description":"DaConnect, das schnelle und ergonomische Kunden-Extranet von Daoust, erm\u00f6glicht es Ihnen, die Leistungen Ihrer Zeitarbeitnehmer aus der Ferne zu verwalten, einen Antrag zu stellen und verschiedene Dokumente einzusehen.","og_url":"https:\/\/daconnect.lademo.be\/de\/","og_site_name":"DaConnect","article_modified_time":"2025-11-24T13:59:26+00:00","og_image":[{"width":819,"height":1024,"url":"https:\/\/daconnect.lademo.be\/app\/uploads\/2024\/01\/interne-post-1080x1350px-819x1024.png","type":"image\/png"}],"twitter_card":"summary_large_image","twitter_misc":{"Est. reading time":"2 minutes"},"schema":{"@context":"https:\/\/schema.org","@graph":[{"@type":"WebPage","@id":"https:\/\/daconnect.lademo.be\/de\/","url":"https:\/\/daconnect.lademo.be\/de\/","name":"Homepage - DaConnect","isPartOf":{"@id":"https:\/\/daconnect.lademo.be\/de\/#website"},"primaryImageOfPage":{"@id":"https:\/\/daconnect.lademo.be\/de\/#primaryimage"},"image":{"@id":"https:\/\/daconnect.lademo.be\/de\/#primaryimage"},"thumbnailUrl":"https:\/\/daconnect.lademo.be\/app\/uploads\/2024\/01\/interne-post-1080x1350px-e1704806090694.png","datePublished":"2023-12-20T12:39:32+00:00","dateModified":"2025-11-24T13:59:26+00:00","description":"DaConnect, das schnelle und ergonomische Kunden-Extranet von Daoust, erm\u00f6glicht es Ihnen, die Leistungen Ihrer Zeitarbeitnehmer aus der Ferne zu verwalten, einen Antrag zu stellen und verschiedene Dokumente einzusehen.","breadcrumb":{"@id":"https:\/\/daconnect.lademo.be\/de\/#breadcrumb"},"inLanguage":"de-DE","potentialAction":[{"@type":"ReadAction","target":["https:\/\/daconnect.lademo.be\/de\/"]}]},{"@type":"ImageObject","inLanguage":"de-DE","@id":"https:\/\/daconnect.lademo.be\/de\/#primaryimage","url":"https:\/\/daconnect.lademo.be\/app\/uploads\/2024\/01\/interne-post-1080x1350px-e1704806090694.png","contentUrl":"https:\/\/daconnect.lademo.be\/app\/uploads\/2024\/01\/interne-post-1080x1350px-e1704806090694.png","width":1080,"height":1350},{"@type":"BreadcrumbList","@id":"https:\/\/daconnect.lademo.be\/de\/#breadcrumb","itemListElement":[{"@type":"ListItem","position":1,"name":"Home","item":"https:\/\/daconnect.lademo.be\/de\/"},{"@type":"ListItem","position":2,"name":"Homepage"}]},{"@type":"WebSite","@id":"https:\/\/daconnect.lademo.be\/de\/#website","url":"https:\/\/daconnect.lademo.be\/de\/","name":"DaConnect","description":"","publisher":{"@id":"https:\/\/daconnect.lademo.be\/de\/#organization"},"potentialAction":[{"@type":"SearchAction","target":{"@type":"EntryPoint","urlTemplate":"https:\/\/daconnect.lademo.be\/de\/?s={search_term_string}"},"query-input":{"@type":"PropertyValueSpecification","valueRequired":true,"valueName":"search_term_string"}}],"inLanguage":"de-DE"},{"@type":"Organization","@id":"https:\/\/daconnect.lademo.be\/de\/#organization","name":"DaConnect","url":"https:\/\/daconnect.lademo.be\/de\/","logo":{"@type":"ImageObject","inLanguage":"de-DE","@id":"https:\/\/daconnect.lademo.be\/de\/#\/schema\/logo\/image\/","url":"http:\/\/daconnect.be\/app\/uploads\/2024\/01\/daconnect-rvb-e1704460601732.png","contentUrl":"http:\/\/daconnect.be\/app\/uploads\/2024\/01\/daconnect-rvb-e1704460601732.png","width":700,"height":98,"caption":"DaConnect"},"image":{"@id":"https:\/\/daconnect.lademo.be\/de\/#\/schema\/logo\/image\/"}}]}},"_links":{"self":[{"href":"https:\/\/daconnect.lademo.be\/de\/wp-json\/wp\/v2\/pages\/432","targetHints":{"allow":["GET"]}}],"collection":[{"href":"https:\/\/daconnect.lademo.be\/de\/wp-json\/wp\/v2\/pages"}],"about":[{"href":"https:\/\/daconnect.lademo.be\/de\/wp-json\/wp\/v2\/types\/page"}],"author":[{"embeddable":true,"href":"https:\/\/daconnect.lademo.be\/de\/wp-json\/wp\/v2\/users\/1"}],"replies":[{"embeddable":true,"href":"https:\/\/daconnect.lademo.be\/de\/wp-json\/wp\/v2\/comments?post=432"}],"version-history":[{"count":5,"href":"https:\/\/daconnect.lademo.be\/de\/wp-json\/wp\/v2\/pages\/432\/revisions"}],"predecessor-version":[{"id":527,"href":"https:\/\/daconnect.lademo.be\/de\/wp-json\/wp\/v2\/pages\/432\/revisions\/527"}],"wp:featuredmedia":[{"embeddable":true,"href":"https:\/\/daconnect.lademo.be\/de\/wp-json\/wp\/v2\/media\/223"}],"wp:attachment":[{"href":"https:\/\/daconnect.lademo.be\/de\/wp-json\/wp\/v2\/media?parent=432"}],"curies":[{"name":"wp","href":"https:\/\/api.w.org\/{rel}","templated":true}]}}